{"id":38,"date":"2025-08-06T15:05:53","date_gmt":"2025-08-06T13:05:53","guid":{"rendered":"https:\/\/www.le-margouillat.com\/?page_id=38"},"modified":"2025-08-17T17:55:21","modified_gmt":"2025-08-17T15:55:21","slug":"38-2","status":"publish","type":"page","link":"https:\/\/www.le-margouillat.com\/index.php\/38-2\/","title":{"rendered":"Pr\u00e9sentation"},"content":{"rendered":"<p>[et_pb_section fb_built=\u00a0\u00bb1&Prime; admin_label=\u00a0\u00bbHeader\u00a0\u00bb _builder_version=\u00a0\u00bb4.24.3&Prime; _module_preset=\u00a0\u00bbdefault\u00a0\u00bb collapsed=\u00a0\u00bbon\u00a0\u00bb global_colors_info=\u00a0\u00bb{}\u00a0\u00bb][et_pb_row _builder_version=\u00a0\u00bb4.24.3&Prime; _module_preset=\u00a0\u00bbdefault\u00a0\u00bb max_width=\u00a0\u00bbnone\u00a0\u00bb global_colors_info=\u00a0\u00bb{}\u00a0\u00bb][et_pb_column type=\u00a0\u00bb4_4&Prime; _builder_version=\u00a0\u00bb4.24.3&Prime; _module_preset=\u00a0\u00bbdefault\u00a0\u00bb global_colors_info=\u00a0\u00bb{}\u00a0\u00bb][et_pb_heading title=\u00a0\u00bbA propos de : %22LE MARGOUILLAT%22&Prime; _builder_version=\u00a0\u00bb4.27.4&Prime; _module_preset=\u00a0\u00bb5a5bdb96-cba3-4b4d-a270-d8e0dec30998&Prime; max_width=\u00a0\u00bb1080%\u00a0\u00bb global_colors_info=\u00a0\u00bb{}\u00a0\u00bb][\/et_pb_heading][et_pb_text _builder_version=\u00a0\u00bb4.27.4&Prime; _module_preset=\u00a0\u00bb3627e377-858a-42c5-b740-60da26a1d198&Prime; max_width=\u00a0\u00bb1080px\u00a0\u00bb global_colors_info=\u00a0\u00bb{}\u00a0\u00bb]<\/p>\n<p data-start=\"73\" data-end=\"130\"><strong data-start=\"73\" data-end=\"130\">Bienvenue dans l&rsquo;univers de la cuisine r\u00e9unionnaise !<\/strong><\/p>\n<p data-start=\"132\" data-end=\"471\">En 2019, j&rsquo;ai lanc\u00e9 une aventure culinaire, avec une mission bien pr\u00e9cise : faire d\u00e9couvrir \u00e0 tous les gourmets, curieux et \u00e9picuriens, les saveurs authentiques de la R\u00e9union. Mon projet a d\u00e9but\u00e9 avec une passion profonde pour la richesse de cette culture unique et ses traditions culinaires ancestrales.<\/p>\n<p data-start=\"473\" data-end=\"777\">Mon objectif ? Partager les plats typiques r\u00e9unionnais et offrir une exp\u00e9rience gustative authentique, dans une ambiance conviviale et chaleureuse. Que ce soit lors de march\u00e9s, \u00e9v\u00e9nements locaux, anniversaires ou autres moments festifs, je m\u2019efforce d\u2019apporter un peu de l\u2019\u00eele intense \u00e0 chaque rencontre.<\/p>\n<p data-start=\"779\" data-end=\"1104\">Bien que le parcours ait \u00e9t\u00e9 ponctu\u00e9 de d\u00e9fis,\u00a0 j&rsquo;ai su maintenir une pr\u00e9sence constante, continuant \u00e0 nourrir cette passion et \u00e0 faire d\u00e9couvrir mes sp\u00e9cialit\u00e9s. Cette exp\u00e9rience m\u2019a permis de croiser de nombreuses opportunit\u00e9s et de renforcer les liens avec un public toujours plus curieux.<\/p>\n<p data-start=\"1106\" data-end=\"1456\">Aujourd\u2019hui, je suis plus d\u00e9termin\u00e9 que jamais \u00e0 faire rayonner les saveurs r\u00e9unionnaises et \u00e0 cr\u00e9er des moments de partage autour d\u2019une cuisine riche en histoire et en saveurs. Que vous soyez d\u00e9j\u00e0 un amateur de cuisine cr\u00e9ole ou que vous souhaitiez simplement d\u00e9couvrir de nouvelles saveurs, je serai ravie de vous accueillir dans ce voyage gustatif.<\/p>\n<p data-start=\"1106\" data-end=\"1456\">Nadine MAILLOT.<\/p>\n<p data-start=\"1106\" data-end=\"1456\">\n<p>[\/et_pb_text][\/et_pb_column][\/et_pb_row][\/et_pb_section][et_pb_section fb_built=\u00a0\u00bb1&Prime; admin_label=\u00a0\u00bbAbout\u00a0\u00bb _builder_version=\u00a0\u00bb4.24.3&Prime; _module_preset=\u00a0\u00bbdefault\u00a0\u00bb min_height=\u00a0\u00bb987.6px\u00a0\u00bb custom_margin=\u00a0\u00bb-90px|||||\u00a0\u00bb collapsed=\u00a0\u00bbon\u00a0\u00bb global_colors_info=\u00a0\u00bb{}\u00a0\u00bb][et_pb_row column_structure=\u00a0\u00bb2_5,3_5&Prime; _builder_version=\u00a0\u00bb4.24.3&Prime; _module_preset=\u00a0\u00bbdefault\u00a0\u00bb max_width=\u00a0\u00bbnone\u00a0\u00bb min_height=\u00a0\u00bb882.6px\u00a0\u00bb global_colors_info=\u00a0\u00bb{}\u00a0\u00bb][et_pb_column type=\u00a0\u00bb2_5&Prime; _builder_version=\u00a0\u00bb4.24.3&Prime; _module_preset=\u00a0\u00bbdefault\u00a0\u00bb global_colors_info=\u00a0\u00bb{}\u00a0\u00bb][et_pb_heading title=\u00a0\u00bbQue ce soit lors de march\u00e9s, \u00e9v\u00e9nements ou moments conviviaux, je souhaite cr\u00e9er des occasions de partage, de d\u00e9couverte et de plaisir autour de cette cuisine qui, \u00e0 chaque bouch\u00e9e, fait \u00e9cho \u00e0 l\u2019histoire fascinante de La R\u00e9union.\u00a0\u00bb _builder_version=\u00a0\u00bb4.27.4&Prime; _module_preset=\u00a0\u00bb4c20e9d6-a428-40b9-9c58-d7656579b6ad\u00a0\u00bb locked=\u00a0\u00bboff\u00a0\u00bb global_colors_info=\u00a0\u00bb{}\u00a0\u00bb][\/et_pb_heading][\/et_pb_column][et_pb_column type=\u00a0\u00bb3_5&Prime; _builder_version=\u00a0\u00bb4.24.3&Prime; _module_preset=\u00a0\u00bbdefault\u00a0\u00bb global_colors_info=\u00a0\u00bb{}\u00a0\u00bb][et_pb_image src=\u00a0\u00bbhttps:\/\/www.le-margouillat.com\/wp-content\/uploads\/2025\/08\/IMG-20250723-WA0016.jpg\u00a0\u00bb title_text=\u00a0\u00bbIMG-20250723-WA0016&Prime; _builder_version=\u00a0\u00bb4.27.4&Prime; _module_preset=\u00a0\u00bbdefault\u00a0\u00bb global_colors_info=\u00a0\u00bb{}\u00a0\u00bb][\/et_pb_image][et_pb_text _builder_version=\u00a0\u00bb4.27.4&Prime; _module_preset=\u00a0\u00bb37b43d38-0b09-4a1e-8582-f108cb0f006c\u00a0\u00bb global_colors_info=\u00a0\u00bb{}\u00a0\u00bb]<\/p>\n<p data-start=\"1976\" data-end=\"2261\">Ma passion pour cette cuisine n\u2019a cess\u00e9 de grandir. J\u2019ai \u00e0 c\u0153ur de faire d\u00e9couvrir ces saveurs uniques et de cr\u00e9er des moments de convivialit\u00e9 et de plaisir autour d\u2019une table, dans une ambiance chaleureuse et accueillante.<\/p>\n<p data-start=\"2263\" data-end=\"2465\">Alors, que vous soyez un amateur de cuisine cr\u00e9ole ou un n\u00e9ophyte curieux, laissez-vous emporter par un voyage gustatif vers l\u2019\u00eele intense, \u00e0 travers des plats authentiques et pleins de chaleur humaine.<\/p>\n<p>[\/et_pb_text][\/et_pb_column][\/et_pb_row][\/et_pb_section][et_pb_section fb_built=\u00a0\u00bb1&Prime; admin_label=\u00a0\u00bbFooter\u00a0\u00bb _builder_version=\u00a0\u00bb4.24.3&Prime; _module_preset=\u00a0\u00bbdefault\u00a0\u00bb background_color=\u00a0\u00bbgcid-3e93bdc5-146d-448e-a761-9f1b4dd51113&Prime; custom_padding=\u00a0\u00bb||0px||false|false\u00a0\u00bb saved_tabs=\u00a0\u00bball\u00a0\u00bb collapsed=\u00a0\u00bbon\u00a0\u00bb global_colors_info=\u00a0\u00bb{%22gcid-3e93bdc5-146d-448e-a761-9f1b4dd51113%22:%91%22background_color%22%93}\u00a0\u00bb][et_pb_row column_structure=\u00a0\u00bb1_4,1_4,1_4,1_4&Prime; _builder_version=\u00a0\u00bb4.24.3&Prime; _module_preset=\u00a0\u00bbdefault\u00a0\u00bb max_width=\u00a0\u00bbnone\u00a0\u00bb global_colors_info=\u00a0\u00bb{}\u00a0\u00bb][et_pb_column type=\u00a0\u00bb1_4&Prime; _builder_version=\u00a0\u00bb4.24.3&Prime; _module_preset=\u00a0\u00bbdefault\u00a0\u00bb global_colors_info=\u00a0\u00bb{}\u00a0\u00bb][et_pb_text _builder_version=\u00a0\u00bb4.27.4&Prime; _module_preset=\u00a0\u00bb37b43d38-0b09-4a1e-8582-f108cb0f006c\u00a0\u00bb text_text_color=\u00a0\u00bb#000000&Prime; link_text_color=\u00a0\u00bb#000000&Prime; custom_margin=\u00a0\u00bb||10px||false|false\u00a0\u00bb text_orientation_tablet=\u00a0\u00bbcenter\u00a0\u00bb text_orientation_phone=\u00a0\u00bbcenter\u00a0\u00bb text_orientation_last_edited=\u00a0\u00bbon|tablet\u00a0\u00bb global_colors_info=\u00a0\u00bb{%22gcid-3e93bdc5-146d-448e-a761-9f1b4dd51113%22:%91%22quote_border_color%22%93,%22gcid-c7d8f091-13fc-48ff-a161-01fd58ed72d5%22:%91%22quote_text_color%22%93}\u00a0\u00bb]<\/p>\n<p>9 Bis chemin de la croix Blanche<\/p>\n<p>33710 Prignac et Marcamps<\/p>\n<p>[\/et_pb_text][\/et_pb_column][et_pb_column type=\u00a0\u00bb1_4&Prime; _builder_version=\u00a0\u00bb4.24.3&Prime; _module_preset=\u00a0\u00bbdefault\u00a0\u00bb global_colors_info=\u00a0\u00bb{}\u00a0\u00bb][et_pb_text _builder_version=\u00a0\u00bb4.27.4&Prime; _module_preset=\u00a0\u00bb37b43d38-0b09-4a1e-8582-f108cb0f006c\u00a0\u00bb text_text_color=\u00a0\u00bb#000000&Prime; link_text_color=\u00a0\u00bb#000000&Prime; text_orientation=\u00a0\u00bbcenter\u00a0\u00bb custom_margin=\u00a0\u00bb||10px||false|false\u00a0\u00bb global_colors_info=\u00a0\u00bb{%22gcid-3e93bdc5-146d-448e-a761-9f1b4dd51113%22:%91%22quote_border_color%22%93,%22gcid-c7d8f091-13fc-48ff-a161-01fd58ed72d5%22:%91%22quote_text_color%22%93}\u00a0\u00bb]<\/p>\n<p>06 27 18 68 95<\/p>\n<p>[\/et_pb_text][\/et_pb_column][et_pb_column type=\u00a0\u00bb1_4&Prime; _builder_version=\u00a0\u00bb4.24.3&Prime; _module_preset=\u00a0\u00bbdefault\u00a0\u00bb global_colors_info=\u00a0\u00bb{}\u00a0\u00bb][et_pb_text _builder_version=\u00a0\u00bb4.27.4&Prime; _module_preset=\u00a0\u00bb37b43d38-0b09-4a1e-8582-f108cb0f006c\u00a0\u00bb text_text_color=\u00a0\u00bb#000000&Prime; link_text_color=\u00a0\u00bb#000000&Prime; text_orientation=\u00a0\u00bbcenter\u00a0\u00bb custom_margin=\u00a0\u00bb||10px||false|false\u00a0\u00bb locked=\u00a0\u00bboff\u00a0\u00bb global_colors_info=\u00a0\u00bb{}\u00a0\u00bb]<\/p>\n<p>contact@le-margouillat.com<\/p>\n<p>[\/et_pb_text][\/et_pb_column][et_pb_column type=\u00a0\u00bb1_4&Prime; _builder_version=\u00a0\u00bb4.24.3&Prime; _module_preset=\u00a0\u00bbdefault\u00a0\u00bb global_colors_info=\u00a0\u00bb{}\u00a0\u00bb][et_pb_social_media_follow icon_color=\u00a0\u00bb#000000&Prime; _builder_version=\u00a0\u00bb4.24.3&Prime; _module_preset=\u00a0\u00bbdefault\u00a0\u00bb text_orientation=\u00a0\u00bbright\u00a0\u00bb text_orientation_tablet=\u00a0\u00bbcenter\u00a0\u00bb text_orientation_phone=\u00a0\u00bbcenter\u00a0\u00bb text_orientation_last_edited=\u00a0\u00bbon|tablet\u00a0\u00bb global_colors_info=\u00a0\u00bb{}\u00a0\u00bb][et_pb_social_media_follow_network social_network=\u00a0\u00bbfacebook\u00a0\u00bb _builder_version=\u00a0\u00bb4.24.3&Prime; _module_preset=\u00a0\u00bbdefault\u00a0\u00bb background_enable_color=\u00a0\u00bboff\u00a0\u00bb global_colors_info=\u00a0\u00bb{}\u00a0\u00bb follow_button=\u00a0\u00bboff\u00a0\u00bb url_new_window=\u00a0\u00bbon\u00a0\u00bb]facebook[\/et_pb_social_media_follow_network][et_pb_social_media_follow_network social_network=\u00a0\u00bbinstagram\u00a0\u00bb _builder_version=\u00a0\u00bb4.24.3&Prime; _module_preset=\u00a0\u00bbdefault\u00a0\u00bb background_enable_color=\u00a0\u00bboff\u00a0\u00bb global_colors_info=\u00a0\u00bb{}\u00a0\u00bb follow_button=\u00a0\u00bboff\u00a0\u00bb url_new_window=\u00a0\u00bbon\u00a0\u00bb]instagram[\/et_pb_social_media_follow_network][et_pb_social_media_follow_network social_network=\u00a0\u00bbtwitter\u00a0\u00bb _builder_version=\u00a0\u00bb4.24.3&Prime; _module_preset=\u00a0\u00bbdefault\u00a0\u00bb background_enable_color=\u00a0\u00bboff\u00a0\u00bb global_colors_info=\u00a0\u00bb{}\u00a0\u00bb follow_button=\u00a0\u00bboff\u00a0\u00bb url_new_window=\u00a0\u00bbon\u00a0\u00bb]twitter[\/et_pb_social_media_follow_network][\/et_pb_social_media_follow][\/et_pb_column][\/et_pb_row][\/et_pb_section]<\/p>\n","protected":false},"excerpt":{"rendered":"<p>Bienvenue dans l&rsquo;univers de la cuisine r\u00e9unionnaise ! En 2019, j&rsquo;ai lanc\u00e9 une aventure culinaire, avec une mission bien pr\u00e9cise : faire d\u00e9couvrir \u00e0 tous les gourmets, curieux et \u00e9picuriens, [&hellip;]<\/p>\n","protected":false},"author":1,"featured_media":0,"parent":0,"menu_order":0,"comment_status":"closed","ping_status":"closed","template":"","meta":{"_et_pb_use_builder":"on","_et_pb_old_content":"","_et_gb_content_width":"","footnotes":""},"class_list":["post-38","page","type-page","status-publish","hentry"],"_links":{"self":[{"href":"https:\/\/www.le-margouillat.com\/index.php\/wp-json\/wp\/v2\/pages\/38","targetHints":{"allow":["GET"]}}],"collection":[{"href":"https:\/\/www.le-margouillat.com\/index.php\/wp-json\/wp\/v2\/pages"}],"about":[{"href":"https:\/\/www.le-margouillat.com\/index.php\/wp-json\/wp\/v2\/types\/page"}],"author":[{"embeddable":true,"href":"https:\/\/www.le-margouillat.com\/index.php\/wp-json\/wp\/v2\/users\/1"}],"replies":[{"embeddable":true,"href":"https:\/\/www.le-margouillat.com\/index.php\/wp-json\/wp\/v2\/comments?post=38"}],"version-history":[{"count":8,"href":"https:\/\/www.le-margouillat.com\/index.php\/wp-json\/wp\/v2\/pages\/38\/revisions"}],"predecessor-version":[{"id":149,"href":"https:\/\/www.le-margouillat.com\/index.php\/wp-json\/wp\/v2\/pages\/38\/revisions\/149"}],"wp:attachment":[{"href":"https:\/\/www.le-margouillat.com\/index.php\/wp-json\/wp\/v2\/media?parent=38"}],"curies":[{"name":"wp","href":"https:\/\/api.w.org\/{rel}","templated":true}]}}